{"id":12,"date":"2024-07-14T17:55:22","date_gmt":"2024-07-14T15:55:22","guid":{"rendered":"http:\/\/snes53.fr\/?page_id=12"},"modified":"2025-12-08T10:48:34","modified_gmt":"2025-12-08T09:48:34","slug":"adherer-au-snes-fsu","status":"publish","type":"page","link":"https:\/\/snes53.fr\/index.php\/adherer-au-snes-fsu\/","title":{"rendered":"Adh\u00e9rer au SNES-FSU"},"content":{"rendered":"\n<p class=\"has-vivid-cyan-blue-background-color has-background has-medium-font-size\"><strong>Pourquoi adh\u00e9rer au SNES-FSU ? <\/strong><\/p>\n\n\n<p>Le SNES-FSU est le syndicat majoritaire dans l&rsquo;enseignement secondaire. Adh\u00e9rer \u00e0 notre syndicat, c&rsquo;est lui permettre de pouvoir d\u00e9fendre efficacement nos professions, de vous repr\u00e9senter et de vous aider dans votre quotidien en tant qu&rsquo;enseignant, AESH, AED, CPE, personnel non-titulaire, &#8230; Plus un syndicat compte d&rsquo;adh\u00e9rents, plus l&rsquo;on pourra d\u00e9fendre vos valeurs de l&rsquo;Ecole Publique.<\/p>\n\n\n<div class=\"wp-block-buttons is-layout-flex wp-block-buttons-is-layout-flex\">\n<div class=\"wp-block-button\"><a class=\"wp-block-button__link wp-element-button\" href=\"https:\/\/www.snes.edu\/adherer-maintenant\/\">J&rsquo;adh\u00e8re au SNES-FSU<\/a><\/div>\n<\/div>\n\n\n\n<div class=\"wp-block-file has-white-background-color has-background\"><a id=\"wp-block-file--media-bc429f09-49a0-4c54-b9cb-2d47d56c7172\" href=\"https:\/\/snes53.fr\/wp-content\/uploads\/2025\/08\/GrilleCotisationNationale.pdf\" target=\"_blank\" rel=\"noreferrer noopener\">GrilleCotisationNationale<\/a><a href=\"https:\/\/snes53.fr\/wp-content\/uploads\/2025\/08\/GrilleCotisationNationale.pdf\" class=\"wp-block-file__button wp-element-button\" download aria-describedby=\"wp-block-file--media-bc429f09-49a0-4c54-b9cb-2d47d56c7172\">T\u00e9l\u00e9charger<\/a><\/div>\n\n\n\n<p class=\"has-vivid-cyan-blue-background-color has-background\"><strong>Le SNES-FSU dans le d\u00e9partement de la Mayenne<\/strong><\/p>\n\n\n\n<p>Le SNES-FSU est compos\u00e9 d&rsquo;un bureau d\u00e9partemental ici en Mayenne, avec des professeur.e.s militants, impliqu\u00e9s dans la vie du syndicat. Au SNES-FSU, les militants ne sont pas d\u00e9charg\u00e9s \u00e0 100% de leurs classes. Ils et elles continuent d&rsquo;enseigner afin d&rsquo;\u00eatre au plus pr\u00e8s des pr\u00e9occupations des m\u00e9tiers de l&rsquo;\u00e9ducation. <\/p>\n\n\n\n<p><strong>Le bureau du SNES-FSU 53 : <\/strong><\/p>\n\n\n\n<ul class=\"wp-block-list\">\n<li>Thomas Cabioch &#8211; Professeur certifi\u00e9 d&rsquo;Histoire-g\u00e9ographie EMC TZR (rattach\u00e9 au lyc\u00e9e Victor Hugo de Ch\u00e2teau-Gontier sur Mayenne) \/ <strong>Co-secr\u00e9taire<\/strong><\/li>\n\n\n\n<li>B\u00e9rang\u00e8re Dautry &#8211; Professeure certifi\u00e9e d&rsquo;anglais au coll\u00e8ge Le Grand Champ de Grez en Bou\u00e8re \/ <strong>Co-secr\u00e9taire<\/strong><\/li>\n\n\n\n<li>Fr\u00e9d\u00e9ric Llante &#8211; Professeur certifi\u00e9 de technologie au coll\u00e8ge Alain Gerbault de Laval \/ <strong>Tr\u00e9sorier<\/strong> <strong>et charg\u00e9 de communication<\/strong><\/li>\n\n\n\n<li>Denis Roth &#8211; Professeur agr\u00e9g\u00e9 de math\u00e9matiques au lyc\u00e9e Ambroise Par\u00e9 de Laval \/ <strong>Charg\u00e9 de communication<\/strong><\/li>\n\n\n\n<li>L\u00e9a Louvrier &#8211; Professeure agr\u00e9g\u00e9e d&rsquo;allemand et de commerce international \u00e0 l&rsquo;IUT de Laval<\/li>\n\n\n\n<li>Erik Galesne &#8211; Professeur certifi\u00e9 de Lettres modernes au coll\u00e8ge Le Grand Champ de Grez en Bou\u00e8re<\/li>\n\n\n\n<li>Nadia Foubert- AESH au coll\u00e8ge Paul Langevin d&rsquo;Evron<\/li>\n<\/ul>\n\n\n\n<p><strong>Certain.e.s de nos militants sont aussi pr\u00e9sent dans les instances d\u00e9partementales : <\/strong><\/p>\n\n\n\n<ul class=\"wp-block-list\">\n<li>Thomas Cabioch : membre du CSA-D (comit\u00e9 social d&rsquo;administration), de la F3SCT (anciennement les CHSCT), du CDEN (comit\u00e9 d\u00e9partemental de l&rsquo;\u00e9ducation nationale) et le comit\u00e9 m\u00e9dical<\/li>\n\n\n\n<li>B\u00e9rang\u00e8re Dautry : membre de la F3SCT<\/li>\n\n\n\n<li>Fr\u00e9d\u00e9ric Llante : Membre du CSA-D et de la F3SCT<\/li>\n\n\n\n<li>Erik Galesne : Membre du CSA-D et du CDEN<\/li>\n<\/ul>\n\n\n\n<p><\/p>\n","protected":false},"excerpt":{"rendered":"<p>Pourquoi adh\u00e9rer au SNES-FSU ? Le SNES-FSU est le syndicat majoritaire dans l&rsquo;enseignement secondaire. Adh\u00e9rer \u00e0 notre syndicat, c&rsquo;est lui permettre de pouvoir d\u00e9fendre efficacement nos professions, de vous repr\u00e9senter et de vous aider dans votre quotidien en tant qu&rsquo;enseignant, AESH, AED, CPE, personnel non-titulaire, &#8230; Plus un syndicat compte d&rsquo;adh\u00e9rents, plus l&rsquo;on pourra d\u00e9fendre [&hellip;]<\/p>\n","protected":false},"author":1,"featured_media":0,"parent":0,"menu_order":0,"comment_status":"closed","ping_status":"closed","template":"","meta":{"footnotes":""},"class_list":["post-12","page","type-page","status-publish","hentry"],"yoast_head":"<!-- This site is optimized with the Yoast SEO plugin v25.3.1 - https:\/\/yoast.com\/wordpress\/plugins\/seo\/ -->\n<title>Adh\u00e9rer au SNES-FSU - SNES-FSU 53<\/title>\n<meta name=\"robots\" content=\"index, follow, max-snippet:-1, max-image-preview:large, max-video-preview:-1\" \/>\n<link rel=\"canonical\" href=\"https:\/\/snes53.fr\/index.php\/adherer-au-snes-fsu\/\" \/>\n<meta property=\"og:locale\" content=\"fr_FR\" \/>\n<meta property=\"og:type\" content=\"article\" \/>\n<meta property=\"og:title\" content=\"Adh\u00e9rer au SNES-FSU - SNES-FSU 53\" \/>\n<meta property=\"og:description\" content=\"Pourquoi adh\u00e9rer au SNES-FSU ? Le SNES-FSU est le syndicat majoritaire dans l&rsquo;enseignement secondaire. Adh\u00e9rer \u00e0 notre syndicat, c&rsquo;est lui permettre de pouvoir d\u00e9fendre efficacement nos professions, de vous repr\u00e9senter et de vous aider dans votre quotidien en tant qu&rsquo;enseignant, AESH, AED, CPE, personnel non-titulaire, &#8230; Plus un syndicat compte d&rsquo;adh\u00e9rents, plus l&rsquo;on pourra d\u00e9fendre [&hellip;]\" \/>\n<meta property=\"og:url\" content=\"https:\/\/snes53.fr\/index.php\/adherer-au-snes-fsu\/\" \/>\n<meta property=\"og:site_name\" content=\"SNES-FSU 53\" \/>\n<meta property=\"article:modified_time\" content=\"2025-12-08T09:48:34+00:00\" \/>\n<meta name=\"twitter:card\" content=\"summary_large_image\" \/>\n<meta name=\"twitter:label1\" content=\"Dur\u00e9e de lecture estim\u00e9e\" \/>\n\t<meta name=\"twitter:data1\" content=\"2 minutes\" \/>\n<script type=\"application\/ld+json\" class=\"yoast-schema-graph\">{\"@context\":\"https:\/\/schema.org\",\"@graph\":[{\"@type\":\"WebPage\",\"@id\":\"https:\/\/snes53.fr\/index.php\/adherer-au-snes-fsu\/\",\"url\":\"https:\/\/snes53.fr\/index.php\/adherer-au-snes-fsu\/\",\"name\":\"Adh\u00e9rer au SNES-FSU - SNES-FSU 53\",\"isPartOf\":{\"@id\":\"https:\/\/snes53.fr\/#website\"},\"datePublished\":\"2024-07-14T15:55:22+00:00\",\"dateModified\":\"2025-12-08T09:48:34+00:00\",\"breadcrumb\":{\"@id\":\"https:\/\/snes53.fr\/index.php\/adherer-au-snes-fsu\/#breadcrumb\"},\"inLanguage\":\"fr-FR\",\"potentialAction\":[{\"@type\":\"ReadAction\",\"target\":[\"https:\/\/snes53.fr\/index.php\/adherer-au-snes-fsu\/\"]}]},{\"@type\":\"BreadcrumbList\",\"@id\":\"https:\/\/snes53.fr\/index.php\/adherer-au-snes-fsu\/#breadcrumb\",\"itemListElement\":[{\"@type\":\"ListItem\",\"position\":1,\"name\":\"Accueil\",\"item\":\"https:\/\/snes53.fr\/\"},{\"@type\":\"ListItem\",\"position\":2,\"name\":\"Adh\u00e9rer au SNES-FSU\"}]},{\"@type\":\"WebSite\",\"@id\":\"https:\/\/snes53.fr\/#website\",\"url\":\"https:\/\/snes53.fr\/\",\"name\":\"SNES-FSU 53\",\"description\":\"\",\"publisher\":{\"@id\":\"https:\/\/snes53.fr\/#organization\"},\"potentialAction\":[{\"@type\":\"SearchAction\",\"target\":{\"@type\":\"EntryPoint\",\"urlTemplate\":\"https:\/\/snes53.fr\/?s={search_term_string}\"},\"query-input\":{\"@type\":\"PropertyValueSpecification\",\"valueRequired\":true,\"valueName\":\"search_term_string\"}}],\"inLanguage\":\"fr-FR\"},{\"@type\":\"Organization\",\"@id\":\"https:\/\/snes53.fr\/#organization\",\"name\":\"SNES-FSU 53\",\"url\":\"https:\/\/snes53.fr\/\",\"logo\":{\"@type\":\"ImageObject\",\"inLanguage\":\"fr-FR\",\"@id\":\"https:\/\/snes53.fr\/#\/schema\/logo\/image\/\",\"url\":\"https:\/\/snes53.fr\/wp-content\/uploads\/2024\/07\/cropped-logo-snes-53-v2-3.png\",\"contentUrl\":\"https:\/\/snes53.fr\/wp-content\/uploads\/2024\/07\/cropped-logo-snes-53-v2-3.png\",\"width\":944,\"height\":831,\"caption\":\"SNES-FSU 53\"},\"image\":{\"@id\":\"https:\/\/snes53.fr\/#\/schema\/logo\/image\/\"}}]}<\/script>\n<!-- \/ Yoast SEO plugin. -->","yoast_head_json":{"title":"Adh\u00e9rer au SNES-FSU - SNES-FSU 53","robots":{"index":"index","follow":"follow","max-snippet":"max-snippet:-1","max-image-preview":"max-image-preview:large","max-video-preview":"max-video-preview:-1"},"canonical":"https:\/\/snes53.fr\/index.php\/adherer-au-snes-fsu\/","og_locale":"fr_FR","og_type":"article","og_title":"Adh\u00e9rer au SNES-FSU - SNES-FSU 53","og_description":"Pourquoi adh\u00e9rer au SNES-FSU ? Le SNES-FSU est le syndicat majoritaire dans l&rsquo;enseignement secondaire. Adh\u00e9rer \u00e0 notre syndicat, c&rsquo;est lui permettre de pouvoir d\u00e9fendre efficacement nos professions, de vous repr\u00e9senter et de vous aider dans votre quotidien en tant qu&rsquo;enseignant, AESH, AED, CPE, personnel non-titulaire, &#8230; Plus un syndicat compte d&rsquo;adh\u00e9rents, plus l&rsquo;on pourra d\u00e9fendre [&hellip;]","og_url":"https:\/\/snes53.fr\/index.php\/adherer-au-snes-fsu\/","og_site_name":"SNES-FSU 53","article_modified_time":"2025-12-08T09:48:34+00:00","twitter_card":"summary_large_image","twitter_misc":{"Dur\u00e9e de lecture estim\u00e9e":"2 minutes"},"schema":{"@context":"https:\/\/schema.org","@graph":[{"@type":"WebPage","@id":"https:\/\/snes53.fr\/index.php\/adherer-au-snes-fsu\/","url":"https:\/\/snes53.fr\/index.php\/adherer-au-snes-fsu\/","name":"Adh\u00e9rer au SNES-FSU - SNES-FSU 53","isPartOf":{"@id":"https:\/\/snes53.fr\/#website"},"datePublished":"2024-07-14T15:55:22+00:00","dateModified":"2025-12-08T09:48:34+00:00","breadcrumb":{"@id":"https:\/\/snes53.fr\/index.php\/adherer-au-snes-fsu\/#breadcrumb"},"inLanguage":"fr-FR","potentialAction":[{"@type":"ReadAction","target":["https:\/\/snes53.fr\/index.php\/adherer-au-snes-fsu\/"]}]},{"@type":"BreadcrumbList","@id":"https:\/\/snes53.fr\/index.php\/adherer-au-snes-fsu\/#breadcrumb","itemListElement":[{"@type":"ListItem","position":1,"name":"Accueil","item":"https:\/\/snes53.fr\/"},{"@type":"ListItem","position":2,"name":"Adh\u00e9rer au SNES-FSU"}]},{"@type":"WebSite","@id":"https:\/\/snes53.fr\/#website","url":"https:\/\/snes53.fr\/","name":"SNES-FSU 53","description":"","publisher":{"@id":"https:\/\/snes53.fr\/#organization"},"potentialAction":[{"@type":"SearchAction","target":{"@type":"EntryPoint","urlTemplate":"https:\/\/snes53.fr\/?s={search_term_string}"},"query-input":{"@type":"PropertyValueSpecification","valueRequired":true,"valueName":"search_term_string"}}],"inLanguage":"fr-FR"},{"@type":"Organization","@id":"https:\/\/snes53.fr\/#organization","name":"SNES-FSU 53","url":"https:\/\/snes53.fr\/","logo":{"@type":"ImageObject","inLanguage":"fr-FR","@id":"https:\/\/snes53.fr\/#\/schema\/logo\/image\/","url":"https:\/\/snes53.fr\/wp-content\/uploads\/2024\/07\/cropped-logo-snes-53-v2-3.png","contentUrl":"https:\/\/snes53.fr\/wp-content\/uploads\/2024\/07\/cropped-logo-snes-53-v2-3.png","width":944,"height":831,"caption":"SNES-FSU 53"},"image":{"@id":"https:\/\/snes53.fr\/#\/schema\/logo\/image\/"}}]}},"_links":{"self":[{"href":"https:\/\/snes53.fr\/index.php\/wp-json\/wp\/v2\/pages\/12","targetHints":{"allow":["GET"]}}],"collection":[{"href":"https:\/\/snes53.fr\/index.php\/wp-json\/wp\/v2\/pages"}],"about":[{"href":"https:\/\/snes53.fr\/index.php\/wp-json\/wp\/v2\/types\/page"}],"author":[{"embeddable":true,"href":"https:\/\/snes53.fr\/index.php\/wp-json\/wp\/v2\/users\/1"}],"replies":[{"embeddable":true,"href":"https:\/\/snes53.fr\/index.php\/wp-json\/wp\/v2\/comments?post=12"}],"version-history":[{"count":16,"href":"https:\/\/snes53.fr\/index.php\/wp-json\/wp\/v2\/pages\/12\/revisions"}],"predecessor-version":[{"id":568,"href":"https:\/\/snes53.fr\/index.php\/wp-json\/wp\/v2\/pages\/12\/revisions\/568"}],"wp:attachment":[{"href":"https:\/\/snes53.fr\/index.php\/wp-json\/wp\/v2\/media?parent=12"}],"curies":[{"name":"wp","href":"https:\/\/api.w.org\/{rel}","templated":true}]}}